{"id":765,"date":"2024-02-26T11:27:14","date_gmt":"2024-02-26T10:27:14","guid":{"rendered":"https:\/\/1908courtage.fr\/?page_id=765"},"modified":"2024-04-03T10:36:12","modified_gmt":"2024-04-03T08:36:12","slug":"notre-metier","status":"publish","type":"page","link":"https:\/\/1908courtage.fr\/index.php\/notre-metier\/","title":{"rendered":"Notre m\u00e9tier"},"content":{"rendered":"<section class=\"wpb-content-wrapper\">[vc_row thb_full_width=\u00a0\u00bbtrue\u00a0\u00bb thb_row_padding=\u00a0\u00bbtrue\u00a0\u00bb thb_column_padding=\u00a0\u00bbtrue\u00a0\u00bb content_placement=\u00a0\u00bbmiddle\u00a0\u00bb css=\u00a0\u00bb.vc_custom_1708941477448{background-color: #4380ff !important;background-position: center !important;background-repeat: no-repeat !important;background-size: cover !important;}\u00a0\u00bb][vc_column css=\u00a0\u00bb.vc_custom_1708941559726{background-position: center !important;background-repeat: no-repeat !important;background-size: cover !important;}\u00a0\u00bb][vc_row_inner css=\u00a0\u00bb.vc_custom_1708941623602{padding-top: 10vh !important;padding-bottom: 10vh !important;}\u00a0\u00bb el_class=\u00a0\u00bbtext-center\u00a0\u00bb][vc_column_inner]\t<div id=\"thb-slidetype-69f1d9bfe24e2\" class=\"thb-slidetype \" data-style=\"style1\">\n\t\t\n<h1><span class=\"thb-slidetype-entry\"><span class=\"lines\">Notre m\u00e9tier<\/span><\/span><\/h1>\n\t\t\t\t<style>\n\t\t\t#thb-slidetype-69f1d9bfe24e2 .thb-slidetype-entry {\n\t\t\t\tcolor: #ece4d5;\n\t\t\t}\n\t\t<\/style>\n\t\t\t<\/div>\n\n\t[\/vc_column_inner][\/vc_row_inner][\/vc_column][\/vc_row][vc_row thb_full_width=\u00a0\u00bbtrue\u00a0\u00bb thb_row_padding=\u00a0\u00bbtrue\u00a0\u00bb thb_column_padding=\u00a0\u00bbtrue\u00a0\u00bb full_height=\u00a0\u00bbyes\u00a0\u00bb content_placement=\u00a0\u00bbmiddle\u00a0\u00bb css=\u00a0\u00bb.vc_custom_1708940299043{background-color: #ece4d5 !important;background-position: center !important;background-repeat: no-repeat !important;background-size: cover !important;}\u00a0\u00bb][vc_column width=\u00a0\u00bb1\/2&Prime; css=\u00a0\u00bb.vc_custom_1708962557202{background-image: url(https:\/\/1908courtage.fr\/wp-content\/uploads\/2024\/02\/1908_MARSEILLE_POURQUOI.jpg?id=774) !important;background-position: center !important;background-repeat: no-repeat !important;background-size: cover !important;}\u00a0\u00bb el_class=\u00a0\u00bbfull-height\u00a0\u00bb][\/vc_column][vc_column width=\u00a0\u00bb1\/2&Prime;][vc_row_inner css=\u00a0\u00bb.vc_custom_1708933816837{padding-top: 2vh !important;padding-bottom: 2vh !important;}\u00a0\u00bb][vc_column_inner thb_color=\u00a0\u00bbthb-light-column\u00a0\u00bb]\t<div id=\"thb-slidetype-69f1d9bfe2515\" class=\"thb-slidetype text-center\" data-style=\"style1\">\n\t\t\n<h2><span class=\"thb-slidetype-entry\"><span class=\"lines\">Pourquoi faire appel \u00e0 un courtier?<\/span><\/span><\/h2>\n\t\t\t\t<style>\n\t\t\t#thb-slidetype-69f1d9bfe2515 .thb-slidetype-entry {\n\t\t\t\tcolor: #4380ff;\n\t\t\t}\n\t\t<\/style>\n\t\t\t<\/div>\n\n\t[vc_empty_space height=\u00a0\u00bb5vh\u00a0\u00bb][vc_tta_accordion title_tag=\u00a0\u00bbh3&Prime; section_title_tag=\u00a0\u00bbh3&Prime; style=\u00a0\u00bboutline\u00a0\u00bb shape=\u00a0\u00bbsquare\u00a0\u00bb color=\u00a0\u00bbsky\u00a0\u00bb active_section=\u00a0\u00bb0&Prime; css_animation=\u00a0\u00bbbottom-to-top\u00a0\u00bb][vc_tta_section title=\u00a0\u00bbExpertise et connaissance du march\u00e9\u00a0\u00bb tab_id=\u00a0\u00bb1708942713528-75b7787d-4b6c\u00a0\u00bb el_class=\u00a0\u00bbfont-color=\u00ab\u00a0#4380ff\u00ab\u00a0\u00ab\u00a0][vc_column_text]<span style=\"color: #4380ff;\">Les courtiers en pr\u00eat immobilier sont des professionnels sp\u00e9cialis\u00e9s dans le domaine. Ils ont une connaissance approfondie du march\u00e9 immobilier et des diff\u00e9rentes offres de pr\u00eat disponibles. Leur expertise leur permet d&rsquo;identifier les meilleurs taux et conditions de pr\u00eat adapt\u00e9s \u00e0 votre situation financi\u00e8re.<\/span>[\/vc_column_text][\/vc_tta_section][vc_tta_section title=\u00a0\u00bbGain de temps\u00a0\u00bb tab_id=\u00a0\u00bb1708942713529-e92f58eb-ae41&Prime;][vc_column_text]<span style=\"color: #4380ff;\">Rechercher et comparer les offres de pr\u00eat peut \u00eatre une t\u00e2che ardue et chronophage. En faisant appel \u00e0 un courtier, vous d\u00e9l\u00e9guez cette t\u00e2che \u00e0 un professionnel qui se chargera de trouver les meilleures offres pour vous. Vous gagnez ainsi un temps pr\u00e9cieux dans votre recherche de financement.<\/span>[\/vc_column_text][\/vc_tta_section][vc_tta_section title=\u00a0\u00bbLarge r\u00e9seau de partenaires bancaires\u00a0\u00bb tab_id=\u00a0\u00bb1708942729849-d40995d2-05c9&Prime;][vc_column_text]<span style=\"color: #4380ff;\">Les courtiers en pr\u00eat immobilier ont g\u00e9n\u00e9ralement un r\u00e9seau \u00e9tendu de partenaires bancaires. Ils peuvent n\u00e9gocier avec ces institutions financi\u00e8res pour obtenir des conditions avantageuses pour votre pr\u00eat. Leur r\u00e9seau leur permet \u00e9galement d&rsquo;avoir acc\u00e8s \u00e0 des offres exclusives qui ne sont pas disponibles pour le grand public.<\/span>[\/vc_column_text][\/vc_tta_section][vc_tta_section title=\u00a0\u00bbConseils personnalis\u00e9s\u00a0\u00bb tab_id=\u00a0\u00bb1709284386720-594b74a9-9392&Prime;][vc_column_text]<span style=\"color: #4380ff;\">Un courtier en pr\u00eat immobilier est l\u00e0 pour vous accompagner tout au long du processus de demande de pr\u00eat. Il analyse votre situation financi\u00e8re, vos besoins et vos objectifs, et vous conseille sur les meilleures options qui s&rsquo;offrent \u00e0 vous. Il peut \u00e9galement vous aider \u00e0 constituer votre dossier de demande de pr\u00eat et \u00e0 le pr\u00e9senter de mani\u00e8re optimale aux banques.<\/span>[\/vc_column_text][\/vc_tta_section][vc_tta_section title=\u00a0\u00bb\u00c9conomies financi\u00e8res\u00a0\u00bb tab_id=\u00a0\u00bb1709284392196-702abc32-8830&Prime;][vc_column_text]<span style=\"color: #4380ff;\">Gr\u00e2ce \u00e0 leur expertise et \u00e0 leur capacit\u00e9 \u00e0 n\u00e9gocier avec les banques, les courtiers en pr\u00eat immobilier peuvent vous permettre de r\u00e9aliser des \u00e9conomies financi\u00e8res significatives. Ils peuvent vous aider \u00e0 obtenir un taux d&rsquo;int\u00e9r\u00eat plus avantageux, \u00e0 r\u00e9duire les frais de dossier et \u00e0 b\u00e9n\u00e9ficier de conditions plus favorables pour votre pr\u00eat.<\/span>[\/vc_column_text][\/vc_tta_section][\/vc_tta_accordion][\/vc_column_inner][\/vc_row_inner][\/vc_column][\/vc_row][vc_row thb_full_width=\u00a0\u00bbtrue\u00a0\u00bb thb_row_padding=\u00a0\u00bbtrue\u00a0\u00bb thb_column_padding=\u00a0\u00bbtrue\u00a0\u00bb full_height=\u00a0\u00bbyes\u00a0\u00bb rtl_reverse=\u00a0\u00bbyes\u00a0\u00bb content_placement=\u00a0\u00bbmiddle\u00a0\u00bb css=\u00a0\u00bb.vc_custom_1709286166038{background-color: #ece4d5 !important;background-position: center !important;background-repeat: no-repeat !important;background-size: cover !important;}\u00a0\u00bb][vc_column width=\u00a0\u00bb1\/2&Prime; animation=\u00a0\u00bbanimation bottom-to-top\u00a0\u00bb css=\u00a0\u00bb.vc_custom_1709306295202{background-position: center !important;background-repeat: no-repeat !important;background-size: cover !important;}\u00a0\u00bb][vc_row_inner rtl_reverse=\u00a0\u00bbyes\u00a0\u00bb css=\u00a0\u00bb.vc_custom_1708958932000{padding-top: 2vh !important;padding-bottom: 2vh !important;}\u00a0\u00bb][vc_column_inner]\t<div id=\"thb-slidetype-69f1d9bfe2526\" class=\"thb-slidetype text-center\" data-style=\"style1\">\n\t\t\n<h2><span class=\"thb-slidetype-entry\"><span class=\"lines\">Cibler et optimiser votre financement.<\/span><\/span><\/h2>\n\t\t\t\t<style>\n\t\t\t#thb-slidetype-69f1d9bfe2526 .thb-slidetype-entry {\n\t\t\t\tcolor: #4380ff;\n\t\t\t}\n\t\t<\/style>\n\t\t\t<\/div>\n\n\t[\/vc_column_inner][\/vc_row_inner][vc_row_inner rtl_reverse=\u00a0\u00bbyes\u00a0\u00bb][vc_column_inner width=\u00a0\u00bb1\/2&Prime;]\t<div class=\"thb-iconlist h4\" id=\"thb-iconlist-69f1d9bfe2547\">\n\t\t<ul>\n\t\t\t\t\t\t  <li class=\"thb-iconlist-li \">\n\t\t\t\t  <i class=\"fas fa-caret-right\"><\/i>\n\t\t\t\tR\u00e9sidence principale \t\t\t  <\/li>\n\t\t  \t\t\t  <li class=\"thb-iconlist-li \">\n\t\t\t\t  <i class=\"fas fa-caret-right\"><\/i>\n\t\t\t\tR\u00e9sidence secondaire\t\t\t  <\/li>\n\t\t  \t\t\t  <li class=\"thb-iconlist-li \">\n\t\t\t\t  <i class=\"fas fa-caret-right\"><\/i>\n\t\t\t\tInvestissement locatif\t\t\t  <\/li>\n\t\t  \t\t<\/ul>\n\t\t<style>\n\t\t\t\t\t\t\t\t<\/style>\n\t<\/div>\n\t[\/vc_column_inner][vc_column_inner width=\u00a0\u00bb1\/2&Prime;]\t<div class=\"thb-iconlist h4\" id=\"thb-iconlist-69f1d9bfe2584\">\n\t\t<ul>\n\t\t\t\t\t\t  <li class=\"thb-iconlist-li \">\n\t\t\t\t  <i class=\"fas fa-caret-right\"><\/i>\n\t\t\t\tRen\u00e9gociation de pr\u00eat\t\t\t  <\/li>\n\t\t  \t\t\t  <li class=\"thb-iconlist-li \">\n\t\t\t\t  <i class=\"fas fa-caret-right\"><\/i>\n\t\t\t\tTravaux\t\t\t  <\/li>\n\t\t  \t\t\t  <li class=\"thb-iconlist-li \">\n\t\t\t\t  <i class=\"fas fa-caret-right\"><\/i>\n\t\t\t\tLocal commercial\t\t\t  <\/li>\n\t\t  \t\t<\/ul>\n\t\t<style>\n\t\t\t\t\t\t\t\t<\/style>\n\t<\/div>\n\t[\/vc_column_inner][\/vc_row_inner][vc_row_inner rtl_reverse=\u00a0\u00bbyes\u00a0\u00bb css=\u00a0\u00bb.vc_custom_1708958932000{padding-top: 2vh !important;padding-bottom: 2vh !important;}\u00a0\u00bb][vc_column_inner][vc_column_text]<span style=\"font-size: 17px;\">Nous effectuons un bilan personnalis\u00e9 de votre situation financi\u00e8re, comparons les diff\u00e9rentes offres du march\u00e9 et orientons votre dossier vers les meilleurs \u00e9tablissements bancaires du moment.<\/span>[\/vc_column_text][vc_column_text]<span style=\"font-size: 17px;\">Chez 1908 Courtage, nous n\u00e9gocions pour vous les meilleures conditions de taux, d\u2019assurance emprunteur, de garanties, de frais de dossier. Nous obtenons l\u2019accord de financement dans les meilleurs d\u00e9lais et vous garantissons une relation privil\u00e9gi\u00e9e avec votre futur conseiller financier.<\/span>[\/vc_column_text][\/vc_column_inner][\/vc_row_inner][\/vc_column][vc_column width=\u00a0\u00bb1\/2&Prime; css=\u00a0\u00bb.vc_custom_1709304932515{background-image: url(https:\/\/1908courtage.fr\/wp-content\/uploads\/2024\/03\/1908_CIBLER.jpg?id=999) !important;background-position: center !important;background-repeat: no-repeat !important;background-size: cover !important;}\u00a0\u00bb el_class=\u00a0\u00bbfull-height\u00a0\u00bb][\/vc_column][\/vc_row]\n<\/section>","protected":false},"excerpt":{"rendered":"<p>[vc_row thb_full_width=\u00a0\u00bbtrue\u00a0\u00bb thb_row_padding=\u00a0\u00bbtrue\u00a0\u00bb thb_column_padding=\u00a0\u00bbtrue\u00a0\u00bb content_placement=\u00a0\u00bbmiddle\u00a0\u00bb css=\u00a0\u00bb.vc_custom_1708941477448{background-color: #4380ff !important;background-position: center !important;background-repeat: no-repeat !important;background-size: cover !important;}\u00a0\u00bb][vc_column css=\u00a0\u00bb.vc_custom_1708941559726{background-position: center !important;background-repeat: no-repeat !important;background-size: cover !important;}\u00a0\u00bb][vc_row_inner css=\u00a0\u00bb.vc_custom_1708941623602{padding-top: 10vh !important;padding-bottom: 10vh !important;}\u00a0\u00bb el_class=\u00a0\u00bbtext-center\u00a0\u00bb][vc_column_inner][\/vc_column_inner][\/vc_row_inner][\/vc_column][\/vc_row][vc_row thb_full_width=\u00a0\u00bbtrue\u00a0\u00bb thb_row_padding=\u00a0\u00bbtrue\u00a0\u00bb thb_column_padding=\u00a0\u00bbtrue\u00a0\u00bb full_height=\u00a0\u00bbyes\u00a0\u00bb content_placement=\u00a0\u00bbmiddle\u00a0\u00bb css=\u00a0\u00bb.vc_custom_1708940299043{background-color: #ece4d5 !important;background-position: center !important;background-repeat: no-repeat !important;background-size: cover !important;}\u00a0\u00bb][vc_column width=\u00a0\u00bb1\/2&Prime; css=\u00a0\u00bb.vc_custom_1708962557202{background-image: url(https:\/\/1908courtage.fr\/wp-content\/uploads\/2024\/02\/1908_MARSEILLE_POURQUOI.jpg?id=774) !important;background-position: center !important;background-repeat: no-repeat !important;background-size: cover !important;}\u00a0\u00bb el_class=\u00a0\u00bbfull-height\u00a0\u00bb][\/vc_column][vc_column width=\u00a0\u00bb1\/2&Prime;][vc_row_inner css=\u00a0\u00bb.vc_custom_1708933816837{padding-top: 2vh&hellip;<\/p>\n","protected":false},"author":1,"featured_media":0,"parent":0,"menu_order":0,"comment_status":"closed","ping_status":"closed","template":"","meta":{"footnotes":""},"class_list":["post-765","page","type-page","status-publish","hentry"],"aioseo_notices":[],"_links":{"self":[{"href":"https:\/\/1908courtage.fr\/index.php\/wp-json\/wp\/v2\/pages\/765","targetHints":{"allow":["GET"]}}],"collection":[{"href":"https:\/\/1908courtage.fr\/index.php\/wp-json\/wp\/v2\/pages"}],"about":[{"href":"https:\/\/1908courtage.fr\/index.php\/wp-json\/wp\/v2\/types\/page"}],"author":[{"embeddable":true,"href":"https:\/\/1908courtage.fr\/index.php\/wp-json\/wp\/v2\/users\/1"}],"replies":[{"embeddable":true,"href":"https:\/\/1908courtage.fr\/index.php\/wp-json\/wp\/v2\/comments?post=765"}],"version-history":[{"count":113,"href":"https:\/\/1908courtage.fr\/index.php\/wp-json\/wp\/v2\/pages\/765\/revisions"}],"predecessor-version":[{"id":1017,"href":"https:\/\/1908courtage.fr\/index.php\/wp-json\/wp\/v2\/pages\/765\/revisions\/1017"}],"wp:attachment":[{"href":"https:\/\/1908courtage.fr\/index.php\/wp-json\/wp\/v2\/media?parent=765"}],"curies":[{"name":"wp","href":"https:\/\/api.w.org\/{rel}","templated":true}]}}