{"id":660,"date":"2024-02-23T16:47:56","date_gmt":"2024-02-23T15:47:56","guid":{"rendered":"https:\/\/1908courtage.fr\/?page_id=660"},"modified":"2024-04-03T10:34:12","modified_gmt":"2024-04-03T08:34:12","slug":"decouvrir-1908","status":"publish","type":"page","link":"https:\/\/1908courtage.fr\/index.php\/decouvrir-1908\/","title":{"rendered":"Qui sommes nous ?"},"content":{"rendered":"<section class=\"wpb-content-wrapper\">[vc_row thb_full_width=\u00a0\u00bbtrue\u00a0\u00bb css=\u00a0\u00bb.vc_custom_1709301433095{padding-top: 15vh !important;padding-bottom: 15vh !important;background-color: #4380ff !important;}\u00a0\u00bb][vc_column animation=\u00a0\u00bbanimation bottom-to-top\u00a0\u00bb][vc_row_inner content_placement=\u00a0\u00bbmiddle\u00a0\u00bb][vc_column_inner thb_color=\u00a0\u00bbthb-light-column\u00a0\u00bb width=\u00a0\u00bb1\/2&Prime;]\t<div id=\"thb-slidetype-69f1d9a0c79e7\" class=\"thb-slidetype \" data-style=\"style1\">\n\t\t\n<h6><span class=\"thb-slidetype-entry\"><span class=\"lines\">Qui sommes nous ?<\/span><\/span><\/h6>\n\t\t\t\t<style>\n\t\t\t#thb-slidetype-69f1d9a0c79e7 .thb-slidetype-entry {\n\t\t\t\tcolor: #ece4d5;\n\t\t\t}\n\t\t<\/style>\n\t\t\t<\/div>\n\n\t\t<div id=\"thb-slidetype-69f1d9a0c7a0e\" class=\"thb-slidetype \" data-style=\"style1\">\n\t\t\n<h1><span class=\"thb-slidetype-entry\"><span class=\"lines\">Pourquoi 1908 ?<\/span><\/span><\/h1>\n\t\t\t\t<style>\n\t\t\t#thb-slidetype-69f1d9a0c7a0e .thb-slidetype-entry {\n\t\t\t\tcolor: #ece4d5;\n\t\t\t}\n\t\t<\/style>\n\t\t\t<\/div>\n\n\t[vc_empty_space height=\u00a0\u00bb20px\u00a0\u00bb][vc_column_text animation=\u00a0\u00bbanimation bottom-to-top\u00a0\u00bb]<span style=\"color: #ece4d5;\">Sous l\u2019impulsion du d\u00e9put\u00e9 et avocat Alexandre Ribot, le 10 avril <b>1908<\/b> est vot\u00e9e en France la premi\u00e8re <b>loi<\/b> qui autorise des soci\u00e9t\u00e9s sp\u00e9cialis\u00e9es \u00e0 distribuer des <b>pr\u00eats<\/b> immobiliers \u00e0 des particuliers, notamment aux revenus modestes, en vue de l\u2019acquisition de leur logement.<\/span><\/p>\n<p><span style=\"color: #ece4d5;\">Aujourd\u2019hui, motiv\u00e9s par ces m\u00eames valeurs, nous vous accompagnons dans votre projet immobilier afin de permettre \u00e0 chacun <strong>d\u2019acqu\u00e9rir son chez-soi<\/strong>.<\/span>[\/vc_column_text][vc_empty_space height=\u00a0\u00bb10px\u00a0\u00bb]\t<a class=\"btn-text   style5\" href=\"#expertise\" target=\"_self\" role=\"button\" title=\"Notre expertise\">\n\t\t<span>Notre expertise<\/span>\n\t\t\t\t\t<div class=\"arrow\"><svg xmlns=\"http:\/\/www.w3.org\/2000\/svg\" xmlns:xlink=\"http:\/\/www.w3.org\/1999\/xlink\" x=\"0px\" y=\"0px\"\r\n\t width=\"30px\" height=\"18px\" viewBox=\"0 0 30 18\" enable-background=\"new 0 0 30 18\" xml:space=\"preserve\">\r\n<path class=\"handle\" d=\"M20.305,16.212c-0.407,0.409-0.407,1.071,0,1.479s1.068,0.408,1.476,0l7.914-7.952c0.408-0.409,0.408-1.071,0-1.481\r\n\tl-7.914-7.952c-0.407-0.409-1.068-0.409-1.476,0s-0.407,1.071,0,1.48l7.185,7.221L20.305,16.212z\"\/>\r\n<path class=\"bar\" fill-rule=\"evenodd\" clip-rule=\"evenodd\" d=\"M1,8h28.001c0.551,0,1,0.448,1,1c0,0.553-0.449,1-1,1H1c-0.553,0-1-0.447-1-1\r\n\tC0,8.448,0.447,8,1,8z\"\/>\r\n<\/svg>\r\n<\/div><\/a>\n\n\t[\/vc_column_inner][vc_column_inner width=\u00a0\u00bb5\/12&Prime; offset=\u00a0\u00bbvc_hidden-sm vc_hidden-xs\u00a0\u00bb]\t<div id=\"thb-image-69f1d9a0c7c4b\" class=\"caption-style1 animation bottom-to-top aligncenter   thb_image_link wp-caption \">\n\t\t\t<div class=\"thb-image-inner size_100\">\n\t\t\t\t\t\t\t\t<\/div>\n\t\t\t\t\t<\/div>\n\t[vc_single_image image=\u00a0\u00bb662&Prime; img_size=\u00a0\u00bbfull\u00a0\u00bb alignment=\u00a0\u00bbcenter\u00a0\u00bb][\/vc_column_inner][\/vc_row_inner][\/vc_column][\/vc_row][vc_row css=\u00a0\u00bb.vc_custom_1707911729478{padding-top: 15vh !important;background-color: #ece4d5 !important;}\u00a0\u00bb][vc_column][vc_row_inner thb_max_width=\u00a0\u00bb\u00a0\u00bb css=\u00a0\u00bb.vc_custom_1707930983375{padding-bottom: 5vh !important;}\u00a0\u00bb][vc_column_inner]\t<div id=\"thb-slidetype-69f1d9a0c918c\" class=\"thb-slidetype text-center align-center\" data-style=\"style1\">\n\t\t\n<h2><span class=\"thb-slidetype-entry\"><span class=\"lines\">Les valeurs 1908 Courtage<\/span><\/span><\/h2>\n\t\t\t\t<style>\n\t\t\t#thb-slidetype-69f1d9a0c918c .thb-slidetype-entry {\n\t\t\t\tcolor: #4380ff;\n\t\t\t}\n\t\t<\/style>\n\t\t\t<\/div>\n\n\t[\/vc_column_inner][\/vc_row_inner][vc_row_inner thb_max_width=\u00a0\u00bb\u00a0\u00bb css=\u00a0\u00bb.vc_custom_1519296472004{padding-bottom: 15vh !important;}\u00a0\u00bb][vc_column_inner width=\u00a0\u00bb1\/4&Prime;]\t<div id=\"thb-iconbox-69f1d9a0c91c2\" class=\"thb-iconbox top type7     animation-true\" href=\"\" target=\"_self\" data-animation_speed=\"1.5\">\n\t\t\t\t<figure>\n\t\t\t<svg xmlns=\"http:\/\/www.w3.org\/2000\/svg\" viewBox=\"0 0 64 64\" enable-background=\"new 0 0 64 64\"><g fill=\"none\" stroke=\"#000\" stroke-width=\"2\" stroke-miterlimit=\"10\"><circle cx=\"32\" cy=\"19\" r=\"4\"\/><path d=\"M45,21.023C44.968,13.276,39.181,7,32,7\n\t\ts-13,6.276-13,14.023C19,31.046,31.979,47,31.979,47S45.043,31.046,45,21.023z\"\/><path d=\"m21 37h-9l-11 20h31 31l-11-20h-9\"\/><\/g><\/svg>\t\t\t\t\t\t\t\t<\/figure>\n\t\t\t\t<div class=\"iconbox-content\">\n\t\t\t\t\t\t\t<h5>Proximit\u00e9<\/h5>\t\t\t\t\t\t\t\t<\/div>\n\t\t<style>\n\t\t\t\t\t\t\t\t\t#thb-iconbox-69f1d9a0c91c2.thb-iconbox h5 {\n\t\t\t\tfont-size: 30px;\n\t\t\t}\n\t\t\t\t\t\t\t\t\t\t\t\t#thb-iconbox-69f1d9a0c91c2.thb-iconbox figure svg path,\n\t\t\t#thb-iconbox-69f1d9a0c91c2.thb-iconbox figure svg circle,\n\t\t\t#thb-iconbox-69f1d9a0c91c2.thb-iconbox figure svg rect,\n\t\t\t#thb-iconbox-69f1d9a0c91c2.thb-iconbox figure svg ellipse {\n\t\t\t\tstroke: #4380ff;\n\t\t\t}\n\t\t\t\t\t\t\t\t\t\t\t\t#thb-iconbox-69f1d9a0c91c2.thb-iconbox .iconbox-content h5,\n\t\t\t#thb-iconbox-69f1d9a0c91c2.thb-iconbox figure h5 {\n\t\t\t\tcolor: #4380ff;\n\t\t\t}\n\t\t\t\t\t\t\t\t\t#thb-iconbox-69f1d9a0c91c2.thb-iconbox .iconbox-content p,\n\t\t\t#thb-iconbox-69f1d9a0c91c2.thb-iconbox .iconbox-content span {\n\t\t\t\tcolor: #4380ff;\n\t\t\t}\n\n\t\t\t#thb-iconbox-69f1d9a0c91c2.thb-iconbox .iconbox-content svg,\n\t\t\t#thb-iconbox-69f1d9a0c91c2.thb-iconbox .iconbox-content svg .bar {\n\t\t\t\tfill: #4380ff;\n\t\t\t}\n\t\t\t#thb-iconbox-69f1d9a0c91c2.thb-iconbox .btn-text.style2:before,\n\t\t\t#thb-iconbox-69f1d9a0c91c2.thb-iconbox .btn-text.style2:after {\n\t\t\t\tbackground: #4380ff;\n\t\t\t}\n\t\t\t\t\t\t\/* Hover *\/\n\t\t\t\t\t\t#thb-iconbox-69f1d9a0c91c2.thb-iconbox:hover figure svg path,\n\t\t\t#thb-iconbox-69f1d9a0c91c2.thb-iconbox:hover figure svg circle,\n\t\t\t#thb-iconbox-69f1d9a0c91c2.thb-iconbox:hover figure svg rect,\n\t\t\t#thb-iconbox-69f1d9a0c91c2.thb-iconbox:hover figure svg ellipse {\n\t\t\t\tstroke: #4380ff;\n\t\t\t}\n\t\t\t\t\t\t\t\t\t#thb-iconbox-69f1d9a0c91c2.thb-iconbox:hover .iconbox-content h5,\n\t\t\t#thb-iconbox-69f1d9a0c91c2.thb-iconbox figure h5 {\n\t\t\t\tcolor: #4380ff;\n\t\t\t}\n\t\t\t\t\t\t\t\t\t#thb-iconbox-69f1d9a0c91c2.thb-iconbox:hover .iconbox-content p,\n\t\t\t#thb-iconbox-69f1d9a0c91c2.thb-iconbox:hover .iconbox-content span {\n\t\t\t\tcolor: #4380ff;\n\t\t\t}\n\t\t\t#thb-iconbox-69f1d9a0c91c2.thb-iconbox:hover .iconbox-content svg,\n\t\t\t#thb-iconbox-69f1d9a0c91c2.thb-iconbox:hover .iconbox-content svg .bar {\n\t\t\t\tfill: #4380ff;\n\t\t\t}\n\t\t\t#thb-iconbox-69f1d9a0c91c2.thb-iconbox:hover .btn-text.style2:before,\n\t\t\t#thb-iconbox-69f1d9a0c91c2.thb-iconbox:hover .btn-text.style2:after {\n\t\t\t\tbackground: #4380ff;\n\t\t\t}\n\t\t\t\t\t<\/style>\n\t<\/div>\n\t[vc_empty_space height=\u00a0\u00bb3vh\u00a0\u00bb][\/vc_column_inner][vc_column_inner width=\u00a0\u00bb1\/4&Prime;]\t<div id=\"thb-iconbox-69f1d9a0c9346\" class=\"thb-iconbox top type7     animation-true\" href=\"\" target=\"_self\" data-animation_speed=\"1.5\">\n\t\t\t\t<figure>\n\t\t\t<svg xmlns=\"http:\/\/www.w3.org\/2000\/svg\" viewBox=\"0 0 64 64\" enable-background=\"new 0 0 64 64\"><g fill=\"none\" stroke=\"#000\" stroke-width=\"2\" stroke-miterlimit=\"10\"><path d=\"m29 6h17l17 21-31 31-31-31 17-21h14v52\"\/><path d=\"M32 57 18 27 24 6\"\/><path d=\"m32 57l14-30-6-21\"\/><path d=\"m1 27h62\"\/><\/g><\/svg>\t\t\t\t\t\t\t\t<\/figure>\n\t\t\t\t<div class=\"iconbox-content\">\n\t\t\t\t\t\t\t<h5>Expertise<\/h5>\t\t\t\t\t\t\t\t<\/div>\n\t\t<style>\n\t\t\t\t\t\t\t\t\t#thb-iconbox-69f1d9a0c9346.thb-iconbox h5 {\n\t\t\t\tfont-size: 30px;\n\t\t\t}\n\t\t\t\t\t\t\t\t\t\t\t\t#thb-iconbox-69f1d9a0c9346.thb-iconbox figure svg path,\n\t\t\t#thb-iconbox-69f1d9a0c9346.thb-iconbox figure svg circle,\n\t\t\t#thb-iconbox-69f1d9a0c9346.thb-iconbox figure svg rect,\n\t\t\t#thb-iconbox-69f1d9a0c9346.thb-iconbox figure svg ellipse {\n\t\t\t\tstroke: #4380ff;\n\t\t\t}\n\t\t\t\t\t\t\t\t\t\t\t\t#thb-iconbox-69f1d9a0c9346.thb-iconbox .iconbox-content h5,\n\t\t\t#thb-iconbox-69f1d9a0c9346.thb-iconbox figure h5 {\n\t\t\t\tcolor: #4380ff;\n\t\t\t}\n\t\t\t\t\t\t\t\t\t#thb-iconbox-69f1d9a0c9346.thb-iconbox .iconbox-content p,\n\t\t\t#thb-iconbox-69f1d9a0c9346.thb-iconbox .iconbox-content span {\n\t\t\t\tcolor: #4380ff;\n\t\t\t}\n\n\t\t\t#thb-iconbox-69f1d9a0c9346.thb-iconbox .iconbox-content svg,\n\t\t\t#thb-iconbox-69f1d9a0c9346.thb-iconbox .iconbox-content svg .bar {\n\t\t\t\tfill: #4380ff;\n\t\t\t}\n\t\t\t#thb-iconbox-69f1d9a0c9346.thb-iconbox .btn-text.style2:before,\n\t\t\t#thb-iconbox-69f1d9a0c9346.thb-iconbox .btn-text.style2:after {\n\t\t\t\tbackground: #4380ff;\n\t\t\t}\n\t\t\t\t\t\t\/* Hover *\/\n\t\t\t\t\t\t#thb-iconbox-69f1d9a0c9346.thb-iconbox:hover figure svg path,\n\t\t\t#thb-iconbox-69f1d9a0c9346.thb-iconbox:hover figure svg circle,\n\t\t\t#thb-iconbox-69f1d9a0c9346.thb-iconbox:hover figure svg rect,\n\t\t\t#thb-iconbox-69f1d9a0c9346.thb-iconbox:hover figure svg ellipse {\n\t\t\t\tstroke: #4380ff;\n\t\t\t}\n\t\t\t\t\t\t\t\t\t#thb-iconbox-69f1d9a0c9346.thb-iconbox:hover .iconbox-content h5,\n\t\t\t#thb-iconbox-69f1d9a0c9346.thb-iconbox figure h5 {\n\t\t\t\tcolor: #4380ff;\n\t\t\t}\n\t\t\t\t\t\t\t\t\t#thb-iconbox-69f1d9a0c9346.thb-iconbox:hover .iconbox-content p,\n\t\t\t#thb-iconbox-69f1d9a0c9346.thb-iconbox:hover .iconbox-content span {\n\t\t\t\tcolor: #4380ff;\n\t\t\t}\n\t\t\t#thb-iconbox-69f1d9a0c9346.thb-iconbox:hover .iconbox-content svg,\n\t\t\t#thb-iconbox-69f1d9a0c9346.thb-iconbox:hover .iconbox-content svg .bar {\n\t\t\t\tfill: #4380ff;\n\t\t\t}\n\t\t\t#thb-iconbox-69f1d9a0c9346.thb-iconbox:hover .btn-text.style2:before,\n\t\t\t#thb-iconbox-69f1d9a0c9346.thb-iconbox:hover .btn-text.style2:after {\n\t\t\t\tbackground: #4380ff;\n\t\t\t}\n\t\t\t\t\t<\/style>\n\t<\/div>\n\t[vc_empty_space height=\u00a0\u00bb3vh\u00a0\u00bb][\/vc_column_inner][vc_column_inner width=\u00a0\u00bb1\/4&Prime;]\t<div id=\"thb-iconbox-69f1d9a0c942a\" class=\"thb-iconbox top type7     animation-true\" href=\"\" target=\"_self\" data-animation_speed=\"1.5\">\n\t\t\t\t<figure>\n\t\t\t<svg xmlns=\"http:\/\/www.w3.org\/2000\/svg\" viewBox=\"0 0 64 64\" enable-background=\"new 0 0 64 64\"><g fill=\"none\" stroke=\"#000\" stroke-width=\"2\" stroke-miterlimit=\"10\"><path d=\"m32 48v16\"\/><path d=\"m32 0v16\"\/><path d=\"m16 32h-16\"\/><path d=\"m64 32h-16\"\/><circle cx=\"32\" cy=\"32\" r=\"24\"\/><\/g><\/svg>\t\t\t\t\t\t\t\t<\/figure>\n\t\t\t\t<div class=\"iconbox-content\">\n\t\t\t\t\t\t\t<h5>Pers\u00e9v\u00e9rance<\/h5>\t\t\t\t\t\t\t\t<\/div>\n\t\t<style>\n\t\t\t\t\t\t\t\t\t#thb-iconbox-69f1d9a0c942a.thb-iconbox h5 {\n\t\t\t\tfont-size: 30px;\n\t\t\t}\n\t\t\t\t\t\t\t\t\t\t\t\t#thb-iconbox-69f1d9a0c942a.thb-iconbox figure svg path,\n\t\t\t#thb-iconbox-69f1d9a0c942a.thb-iconbox figure svg circle,\n\t\t\t#thb-iconbox-69f1d9a0c942a.thb-iconbox figure svg rect,\n\t\t\t#thb-iconbox-69f1d9a0c942a.thb-iconbox figure svg ellipse {\n\t\t\t\tstroke: #4380ff;\n\t\t\t}\n\t\t\t\t\t\t\t\t\t\t\t\t#thb-iconbox-69f1d9a0c942a.thb-iconbox .iconbox-content h5,\n\t\t\t#thb-iconbox-69f1d9a0c942a.thb-iconbox figure h5 {\n\t\t\t\tcolor: #4380ff;\n\t\t\t}\n\t\t\t\t\t\t\t\t\t#thb-iconbox-69f1d9a0c942a.thb-iconbox .iconbox-content p,\n\t\t\t#thb-iconbox-69f1d9a0c942a.thb-iconbox .iconbox-content span {\n\t\t\t\tcolor: #4380ff;\n\t\t\t}\n\n\t\t\t#thb-iconbox-69f1d9a0c942a.thb-iconbox .iconbox-content svg,\n\t\t\t#thb-iconbox-69f1d9a0c942a.thb-iconbox .iconbox-content svg .bar {\n\t\t\t\tfill: #4380ff;\n\t\t\t}\n\t\t\t#thb-iconbox-69f1d9a0c942a.thb-iconbox .btn-text.style2:before,\n\t\t\t#thb-iconbox-69f1d9a0c942a.thb-iconbox .btn-text.style2:after {\n\t\t\t\tbackground: #4380ff;\n\t\t\t}\n\t\t\t\t\t\t\/* Hover *\/\n\t\t\t\t\t\t#thb-iconbox-69f1d9a0c942a.thb-iconbox:hover figure svg path,\n\t\t\t#thb-iconbox-69f1d9a0c942a.thb-iconbox:hover figure svg circle,\n\t\t\t#thb-iconbox-69f1d9a0c942a.thb-iconbox:hover figure svg rect,\n\t\t\t#thb-iconbox-69f1d9a0c942a.thb-iconbox:hover figure svg ellipse {\n\t\t\t\tstroke: #4380ff;\n\t\t\t}\n\t\t\t\t\t\t\t\t\t#thb-iconbox-69f1d9a0c942a.thb-iconbox:hover .iconbox-content h5,\n\t\t\t#thb-iconbox-69f1d9a0c942a.thb-iconbox figure h5 {\n\t\t\t\tcolor: #4380ff;\n\t\t\t}\n\t\t\t\t\t\t\t\t\t#thb-iconbox-69f1d9a0c942a.thb-iconbox:hover .iconbox-content p,\n\t\t\t#thb-iconbox-69f1d9a0c942a.thb-iconbox:hover .iconbox-content span {\n\t\t\t\tcolor: #4380ff;\n\t\t\t}\n\t\t\t#thb-iconbox-69f1d9a0c942a.thb-iconbox:hover .iconbox-content svg,\n\t\t\t#thb-iconbox-69f1d9a0c942a.thb-iconbox:hover .iconbox-content svg .bar {\n\t\t\t\tfill: #4380ff;\n\t\t\t}\n\t\t\t#thb-iconbox-69f1d9a0c942a.thb-iconbox:hover .btn-text.style2:before,\n\t\t\t#thb-iconbox-69f1d9a0c942a.thb-iconbox:hover .btn-text.style2:after {\n\t\t\t\tbackground: #4380ff;\n\t\t\t}\n\t\t\t\t\t<\/style>\n\t<\/div>\n\t[vc_empty_space height=\u00a0\u00bb3vh\u00a0\u00bb][\/vc_column_inner][vc_column_inner width=\u00a0\u00bb1\/4&Prime;]\t<div id=\"thb-iconbox-69f1d9a0c9508\" class=\"thb-iconbox top type7     animation-true\" href=\"\" target=\"_self\" data-animation_speed=\"1.5\">\n\t\t\t\t<figure>\n\t\t\t<svg xmlns=\"http:\/\/www.w3.org\/2000\/svg\" viewBox=\"0 0 64 64\" enable-background=\"new 0 0 64 64\"><path fill=\"none\" stroke=\"#000\" stroke-width=\"2\" stroke-linejoin=\"bevel\" stroke-miterlimit=\"10\" d=\"m40 1l-23 36h14l-7 26 26-36h-14z\"\/><\/svg>\t\t\t\t\t\t\t\t<\/figure>\n\t\t\t\t<div class=\"iconbox-content\">\n\t\t\t\t\t\t\t<h5>R\u00e9activit\u00e9<\/h5>\t\t\t\t\t\t\t\t<\/div>\n\t\t<style>\n\t\t\t\t\t\t\t\t\t#thb-iconbox-69f1d9a0c9508.thb-iconbox h5 {\n\t\t\t\tfont-size: 30px;\n\t\t\t}\n\t\t\t\t\t\t\t\t\t\t\t\t#thb-iconbox-69f1d9a0c9508.thb-iconbox figure svg path,\n\t\t\t#thb-iconbox-69f1d9a0c9508.thb-iconbox figure svg circle,\n\t\t\t#thb-iconbox-69f1d9a0c9508.thb-iconbox figure svg rect,\n\t\t\t#thb-iconbox-69f1d9a0c9508.thb-iconbox figure svg ellipse {\n\t\t\t\tstroke: #4380ff;\n\t\t\t}\n\t\t\t\t\t\t\t\t\t\t\t\t#thb-iconbox-69f1d9a0c9508.thb-iconbox .iconbox-content h5,\n\t\t\t#thb-iconbox-69f1d9a0c9508.thb-iconbox figure h5 {\n\t\t\t\tcolor: #4380ff;\n\t\t\t}\n\t\t\t\t\t\t\t\t\t#thb-iconbox-69f1d9a0c9508.thb-iconbox .iconbox-content p,\n\t\t\t#thb-iconbox-69f1d9a0c9508.thb-iconbox .iconbox-content span {\n\t\t\t\tcolor: #4380ff;\n\t\t\t}\n\n\t\t\t#thb-iconbox-69f1d9a0c9508.thb-iconbox .iconbox-content svg,\n\t\t\t#thb-iconbox-69f1d9a0c9508.thb-iconbox .iconbox-content svg .bar {\n\t\t\t\tfill: #4380ff;\n\t\t\t}\n\t\t\t#thb-iconbox-69f1d9a0c9508.thb-iconbox .btn-text.style2:before,\n\t\t\t#thb-iconbox-69f1d9a0c9508.thb-iconbox .btn-text.style2:after {\n\t\t\t\tbackground: #4380ff;\n\t\t\t}\n\t\t\t\t\t\t\/* Hover *\/\n\t\t\t\t\t\t#thb-iconbox-69f1d9a0c9508.thb-iconbox:hover figure svg path,\n\t\t\t#thb-iconbox-69f1d9a0c9508.thb-iconbox:hover figure svg circle,\n\t\t\t#thb-iconbox-69f1d9a0c9508.thb-iconbox:hover figure svg rect,\n\t\t\t#thb-iconbox-69f1d9a0c9508.thb-iconbox:hover figure svg ellipse {\n\t\t\t\tstroke: #4380ff;\n\t\t\t}\n\t\t\t\t\t\t\t\t\t#thb-iconbox-69f1d9a0c9508.thb-iconbox:hover .iconbox-content h5,\n\t\t\t#thb-iconbox-69f1d9a0c9508.thb-iconbox figure h5 {\n\t\t\t\tcolor: #4380ff;\n\t\t\t}\n\t\t\t\t\t\t\t\t\t#thb-iconbox-69f1d9a0c9508.thb-iconbox:hover .iconbox-content p,\n\t\t\t#thb-iconbox-69f1d9a0c9508.thb-iconbox:hover .iconbox-content span {\n\t\t\t\tcolor: #4380ff;\n\t\t\t}\n\t\t\t#thb-iconbox-69f1d9a0c9508.thb-iconbox:hover .iconbox-content svg,\n\t\t\t#thb-iconbox-69f1d9a0c9508.thb-iconbox:hover .iconbox-content svg .bar {\n\t\t\t\tfill: #4380ff;\n\t\t\t}\n\t\t\t#thb-iconbox-69f1d9a0c9508.thb-iconbox:hover .btn-text.style2:before,\n\t\t\t#thb-iconbox-69f1d9a0c9508.thb-iconbox:hover .btn-text.style2:after {\n\t\t\t\tbackground: #4380ff;\n\t\t\t}\n\t\t\t\t\t<\/style>\n\t<\/div>\n\t[\/vc_column_inner][\/vc_row_inner][\/vc_column][\/vc_row][vc_row thb_full_width=\u00a0\u00bbtrue\u00a0\u00bb css=\u00a0\u00bb.vc_custom_1709301445531{padding-top: 15vh !important;padding-bottom: 15vh !important;background-color: #4380ff !important;}\u00a0\u00bb el_id=\u00a0\u00bbexpertise\u00a0\u00bb][vc_column animation=\u00a0\u00bbanimation bottom-to-top\u00a0\u00bb][vc_row_inner content_placement=\u00a0\u00bbmiddle\u00a0\u00bb][vc_column_inner thb_color=\u00a0\u00bbthb-light-column\u00a0\u00bb width=\u00a0\u00bb5\/12&Prime; animation=\u00a0\u00bbanimation bottom-to-top\u00a0\u00bb css=\u00a0\u00bb.vc_custom_1709305951888{background-image: url(https:\/\/1908courtage.fr\/wp-content\/uploads\/2024\/03\/1908_COMMENT_VOUS_AIDER_2.jpg?id=992) !important;background-position: center !important;background-repeat: no-repeat !important;background-size: cover !important;border-radius: 30px !important;}\u00a0\u00bb][vc_empty_space height=\u00a0\u00bb500px\u00a0\u00bb][\/vc_column_inner][vc_column_inner thb_color=\u00a0\u00bbthb-light-column\u00a0\u00bb width=\u00a0\u00bb1\/2&Prime; animation=\u00a0\u00bbanimation bottom-to-top\u00a0\u00bb][vc_empty_space height=\u00a0\u00bb2vh\u00a0\u00bb]\t<div id=\"thb-slidetype-69f1d9a0c95ce\" class=\"thb-slidetype \" data-style=\"style1\">\n\t\t\n<h6><span class=\"thb-slidetype-entry\"><span class=\"lines\">Notre expertise<\/span><\/span><\/h6>\n\t\t\t\t<style>\n\t\t\t#thb-slidetype-69f1d9a0c95ce .thb-slidetype-entry {\n\t\t\t\tcolor: #ece4d5;\n\t\t\t}\n\t\t<\/style>\n\t\t\t<\/div>\n\n\t\t<div id=\"thb-slidetype-69f1d9a0c95e8\" class=\"thb-slidetype \" data-style=\"style1\">\n\t\t\n<h2><span class=\"thb-slidetype-entry\"><span class=\"lines\">Comment pouvons-nous vous aider ?<\/span><\/span><\/h2>\n\t\t\t\t<style>\n\t\t\t#thb-slidetype-69f1d9a0c95e8 .thb-slidetype-entry {\n\t\t\t\tcolor: #ece4d5;\n\t\t\t}\n\t\t<\/style>\n\t\t\t<\/div>\n\n\t\t<div id=\"thb-slidetype-69f1d9a0c95f7\" class=\"thb-slidetype \" data-style=\"style1\">\n\t\t\n<h3><span class=\"thb-slidetype-entry\"><span class=\"lines\">Avec 1908 Courtage, b\u00e9n\u00e9ficiez de l\u2019expertise d'un courtier en pr\u00eat immobilier et comparez les offres des banques en un seul rendez-vous.<\/span><\/span><\/h3>\n\t\t\t\t<style>\n\t\t\t#thb-slidetype-69f1d9a0c95f7 .thb-slidetype-entry {\n\t\t\t\tcolor: #ece4d5;\n\t\t\t}\n\t\t<\/style>\n\t\t\t<\/div>\n\n\t[vc_column_text]<span style=\"color: #ece4d5;\">En collaboration avec tous nos partenaires bancaires, nous obtenons pour vous les meilleures conditions de cr\u00e9dit et d\u2019assurance pour vous aider \u00e0 r\u00e9aliser vos projets immobiliers :<\/span><\/p>\n<ul>\n<li><span style=\"color: #ece4d5;\">R\u00e9sidence principale<\/span><\/li>\n<li><span style=\"color: #ece4d5;\">R\u00e9sidence secondaire ou locative<\/span><\/li>\n<li><span style=\"color: #ece4d5;\">D\u00e9fiscalisation<\/span><\/li>\n<li><span style=\"color: #ece4d5;\">Rachat de cr\u00e9dits<\/span><\/li>\n<li><span style=\"color: #ece4d5;\">Regroupement de cr\u00e9dits<\/span><\/li>\n<li><span style=\"color: #ece4d5;\">Investissement professionnel<\/span><\/li>\n<li><span style=\"color: #ece4d5;\">Assurance emprunteur<\/span><\/li>\n<\/ul>\n[\/vc_column_text][\/vc_column_inner][\/vc_row_inner][\/vc_column][\/vc_row][vc_row css=\u00a0\u00bb.vc_custom_1708710321116{padding-top: 15vh !important;padding-bottom: 15vh !important;}\u00a0\u00bb][vc_column animation=\u00a0\u00bbanimation bottom-to-top\u00a0\u00bb][vc_row_inner content_placement=\u00a0\u00bbtop\u00a0\u00bb][vc_column_inner width=\u00a0\u00bb1\/12&Prime; css=\u00a0\u00bb.vc_custom_1708703015110{background-position: center !important;background-repeat: no-repeat !important;background-size: cover !important;border-radius: 30px !important;}\u00a0\u00bb][\/vc_column_inner][vc_column_inner width=\u00a0\u00bb5\/12&Prime;]\t<div id=\"thb-slidetype-69f1d9a0c9603\" class=\"thb-slidetype \" data-style=\"style1\">\n\t\t\n<h6><span class=\"thb-slidetype-entry\"><span class=\"lines\">Notre Avantage<\/span><\/span><\/h6>\n\t\t\t\t<style>\n\t\t\t#thb-slidetype-69f1d9a0c9603 .thb-slidetype-entry {\n\t\t\t\tcolor: #4380ff;\n\t\t\t}\n\t\t<\/style>\n\t\t\t<\/div>\n\n\t[\/vc_column_inner][vc_column_inner width=\u00a0\u00bb5\/12&Prime;][\/vc_column_inner][vc_column_inner width=\u00a0\u00bb1\/12&Prime;][\/vc_column_inner][\/vc_row_inner][vc_row_inner content_placement=\u00a0\u00bbtop\u00a0\u00bb][vc_column_inner width=\u00a0\u00bb1\/12&Prime; css=\u00a0\u00bb.vc_custom_1708703015110{background-position: center !important;background-repeat: no-repeat !important;background-size: cover !important;border-radius: 30px !important;}\u00a0\u00bb][\/vc_column_inner][vc_column_inner width=\u00a0\u00bb5\/12&Prime;]\t<div id=\"thb-slidetype-69f1d9a0c960e\" class=\"thb-slidetype \" data-style=\"style1\">\n\t\t\n<h2><span class=\"thb-slidetype-entry\"><span class=\"lines\">Obtenez les meilleures conditions pour votre pr\u00eat<\/span><\/span><\/h2>\n\t\t\t\t<style>\n\t\t\t#thb-slidetype-69f1d9a0c960e .thb-slidetype-entry {\n\t\t\t\tcolor: #4380ff;\n\t\t\t}\n\t\t<\/style>\n\t\t\t<\/div>\n\n\t[vc_column_text]\n<ul>\n<li><span style=\"color: #4380ff;\">Taux<\/span><\/li>\n<li><span style=\"color: #4380ff;\">Assurance<\/span><\/li>\n<li><span style=\"color: #4380ff;\">Garantie<\/span><\/li>\n<li><span style=\"color: #4380ff;\">Modulation des \u00e9ch\u00e9ances<\/span><\/li>\n<\/ul>\n[\/vc_column_text][\/vc_column_inner][vc_column_inner width=\u00a0\u00bb5\/12&Prime;]\t<div id=\"thb-slidetype-69f1d9a0c9619\" class=\"thb-slidetype \" data-style=\"style1\">\n\t\t\n<h2><span class=\"thb-slidetype-entry\"><span class=\"lines\">Les engagements 1908 Courtage<\/span><\/span><\/h2>\n\t\t\t\t<style>\n\t\t\t#thb-slidetype-69f1d9a0c9619 .thb-slidetype-entry {\n\t\t\t\tcolor: #4380ff;\n\t\t\t}\n\t\t<\/style>\n\t\t\t<\/div>\n\n\t[vc_column_text]\n<ul>\n<li><span style=\"color: #4380ff;\">Etude personnalis\u00e9e et optimisation du plan de financement<\/span><\/li>\n<li><span style=\"color: #4380ff;\">Montage du dossier et pr\u00e9sentation en banque sous 48h<\/span><\/li>\n<li><span style=\"color: #4380ff;\">Faisabilit\u00e9 sous 48h et proposition bancaire sous 8 \/ 10 jours<\/span><\/li>\n<li><span style=\"color: #4380ff;\">Suivi et accompagnement jusqu\u2019au d\u00e9blocage des fonds<\/span><\/li>\n<\/ul>\n[\/vc_column_text][\/vc_column_inner][vc_column_inner width=\u00a0\u00bb1\/12&Prime;][\/vc_column_inner][\/vc_row_inner][\/vc_column][\/vc_row]\n<\/section>","protected":false},"excerpt":{"rendered":"<p>[vc_row thb_full_width=\u00a0\u00bbtrue\u00a0\u00bb css=\u00a0\u00bb.vc_custom_1709301433095{padding-top: 15vh !important;padding-bottom: 15vh !important;background-color: #4380ff !important;}\u00a0\u00bb][vc_column animation=\u00a0\u00bbanimation bottom-to-top\u00a0\u00bb][vc_row_inner content_placement=\u00a0\u00bbmiddle\u00a0\u00bb][vc_column_inner thb_color=\u00a0\u00bbthb-light-column\u00a0\u00bb width=\u00a0\u00bb1\/2&Prime;][vc_empty_space height=\u00a0\u00bb20px\u00a0\u00bb][vc_column_text animation=\u00a0\u00bbanimation bottom-to-top\u00a0\u00bb]Sous l\u2019impulsion du d\u00e9put\u00e9 et avocat Alexandre Ribot, le 10 avril 1908 est vot\u00e9e en France la premi\u00e8re loi qui autorise des soci\u00e9t\u00e9s sp\u00e9cialis\u00e9es \u00e0 distribuer des pr\u00eats immobiliers \u00e0 des particuliers, notamment aux revenus modestes, en vue de&hellip;<\/p>\n","protected":false},"author":1,"featured_media":0,"parent":0,"menu_order":0,"comment_status":"closed","ping_status":"closed","template":"","meta":{"footnotes":""},"class_list":["post-660","page","type-page","status-publish","hentry"],"aioseo_notices":[],"_links":{"self":[{"href":"https:\/\/1908courtage.fr\/index.php\/wp-json\/wp\/v2\/pages\/660","targetHints":{"allow":["GET"]}}],"collection":[{"href":"https:\/\/1908courtage.fr\/index.php\/wp-json\/wp\/v2\/pages"}],"about":[{"href":"https:\/\/1908courtage.fr\/index.php\/wp-json\/wp\/v2\/types\/page"}],"author":[{"embeddable":true,"href":"https:\/\/1908courtage.fr\/index.php\/wp-json\/wp\/v2\/users\/1"}],"replies":[{"embeddable":true,"href":"https:\/\/1908courtage.fr\/index.php\/wp-json\/wp\/v2\/comments?post=660"}],"version-history":[{"count":64,"href":"https:\/\/1908courtage.fr\/index.php\/wp-json\/wp\/v2\/pages\/660\/revisions"}],"predecessor-version":[{"id":1016,"href":"https:\/\/1908courtage.fr\/index.php\/wp-json\/wp\/v2\/pages\/660\/revisions\/1016"}],"wp:attachment":[{"href":"https:\/\/1908courtage.fr\/index.php\/wp-json\/wp\/v2\/media?parent=660"}],"curies":[{"name":"wp","href":"https:\/\/api.w.org\/{rel}","templated":true}]}}