{"id":142,"date":"2018-08-11T16:14:35","date_gmt":"2018-08-11T16:14:35","guid":{"rendered":"http:\/\/revolution.fuelthemes.net\/revolution-law\/?page_id=142"},"modified":"2024-10-18T13:55:01","modified_gmt":"2024-10-18T11:55:01","slug":"contacte-par-un-courtier","status":"publish","type":"page","link":"https:\/\/1908courtage.fr\/index.php\/contacte-par-un-courtier\/","title":{"rendered":"Nous contacter"},"content":{"rendered":"<section class=\"wpb-content-wrapper\">[vc_row css=\u00a0\u00bb.vc_custom_1708705677891{padding-top: 5vh !important;padding-bottom: 10vh !important;}\u00a0\u00bb][vc_column][vc_row_inner css=\u00a0\u00bb.vc_custom_1708709030334{padding-bottom: 10vh !important;}\u00a0\u00bb][vc_column_inner width=\u00a0\u00bb1\/4&Prime;][\/vc_column_inner][vc_column_inner width=\u00a0\u00bb1\/2&Prime;]\t<div id=\"thb-slidetype-69f1dc40e6d99\" class=\"thb-slidetype text-center\" data-style=\"style1\">\n\t\t\n<h1><span class=\"thb-slidetype-entry\"><span class=\"lines\">Un projet immobilier?<\/span><\/span><\/h1>\n\t\t\t\t<style>\n\t\t\t#thb-slidetype-69f1dc40e6d99 .thb-slidetype-entry {\n\t\t\t\tcolor: #4380ff;\n\t\t\t}\n\t\t<\/style>\n\t\t\t<\/div>\n\n\t\t<div id=\"thb-slidetype-69f1dc40e6dcf\" class=\"thb-slidetype text-center\" data-style=\"style1\">\n\t\t\n<h4><span class=\"thb-slidetype-entry\"><span class=\"lines\">Remplissez le formulaire ci-dessous et un de nos courtiers prendra contact avec vous dans les plus brefs d\u00e9lais.<\/span><\/span><\/h4>\n\t\t\t\t<style>\n\t\t\t#thb-slidetype-69f1dc40e6dcf .thb-slidetype-entry {\n\t\t\t\tcolor: #4380ff;\n\t\t\t}\n\t\t<\/style>\n\t\t\t<\/div>\n\n\t[\/vc_column_inner][vc_column_inner width=\u00a0\u00bb1\/4&Prime;][\/vc_column_inner][\/vc_row_inner][vc_row_inner][vc_column_inner width=\u00a0\u00bb1\/6&Prime; animation=\u00a0\u00bbanimation bottom-to-top\u00a0\u00bb offset=\u00a0\u00bbvc_hidden-sm vc_hidden-xs\u00a0\u00bb][\/vc_column_inner][vc_column_inner width=\u00a0\u00bb2\/3&Prime; animation=\u00a0\u00bbanimation bottom-to-top\u00a0\u00bb offset=\u00a0\u00bbvc_hidden-sm vc_hidden-xs\u00a0\u00bb]\n<div class=\"wpcf7 no-js\" id=\"wpcf7-f382-o1\" lang=\"fr-FR\" dir=\"ltr\" data-wpcf7-id=\"382\">\n<div class=\"screen-reader-response\"><p role=\"status\" aria-live=\"polite\" aria-atomic=\"true\"><\/p> <ul><\/ul><\/div>\n<form action=\"\/index.php\/wp-json\/wp\/v2\/pages\/142#wpcf7-f382-o1\" method=\"post\" class=\"wpcf7-form init\" aria-label=\"Formulaire de contact\" novalidate=\"novalidate\" data-status=\"init\">\n<fieldset class=\"hidden-fields-container\"><input type=\"hidden\" name=\"_wpcf7\" value=\"382\" \/><input type=\"hidden\" name=\"_wpcf7_version\" value=\"6.1.5\" \/><input type=\"hidden\" name=\"_wpcf7_locale\" value=\"fr_FR\" \/><input type=\"hidden\" name=\"_wpcf7_unit_tag\" value=\"wpcf7-f382-o1\" \/><input type=\"hidden\" name=\"_wpcf7_container_post\" value=\"0\" \/><input type=\"hidden\" name=\"_wpcf7_posted_data_hash\" value=\"\" \/><input type=\"hidden\" name=\"_wpcf7_recaptcha_response\" value=\"\" \/>\n<\/fieldset>\n<div class=\"row\">\n\t<div class=\"small-12 large-4 columns\">\n\t\t<p><label>Nom et pr\u00e9nom<\/label><span class=\"wpcf7-form-control-wrap your-firstname\"><input type=\"text\" name=\"your-firstname\" value=\"\" size=\"40\" class=\"wpcf7-form-control wpcf7-text wpcf7-validates-as-required full\" aria-required=\"true\" aria-invalid=\"false\" \/><\/span>\n\t\t<\/p>\n\t<\/div>\n\t<div class=\"small-12 large-4 columns\">\n\t\t<p><label>Email<\/label><span class=\"wpcf7-form-control-wrap your-email\"><input type=\"text\" name=\"your-email\" value=\"\" size=\"40\" class=\"wpcf7-form-control wpcf7-text wpcf7-validates-as-required full\" aria-required=\"true\" aria-invalid=\"false\" \/><\/span>\n\t\t<\/p>\n\t<\/div>\n\t<div class=\"small-12 large-4 columns\">\n\t\t<p><label>T\u00e9l\u00e9phone<\/label><span class=\"wpcf7-form-control-wrap your-phone\"><input type=\"text\" name=\"your-phone\" value=\"\" size=\"40\" class=\"wpcf7-form-control wpcf7-text wpcf7-validates-as-required full\" aria-required=\"true\" aria-invalid=\"false\" \/><\/span>\n\t\t<\/p>\n\t<\/div>\n\t<div class=\"small-12 large-6 columns\">\n\t\t<p><label>Comment avez-vous connu 1908 Courtage ?<\/label><span class=\"wpcf7-form-control-wrap\" data-name=\"parrain\"><select class=\"wpcf7-form-control wpcf7-select\" aria-invalid=\"false\" name=\"parrain\"><option value=\"Parrainage\">Parrainage<\/option><option value=\"Agence Immobili\u00e8re\">Agence Immobili\u00e8re<\/option><option value=\"Ancien Client\">Ancien Client<\/option><option value=\"Autre\">Autre<\/option><\/select><\/span>\n\t\t<\/p>\n\t<\/div>\n\t<div class=\"small-12 large-6 columns\">\n\t\t<p><label>Indiquez le nom du parrain \/ contact<\/label><span class=\"wpcf7-form-control-wrap\" data-name=\"parain\"><input size=\"40\" maxlength=\"400\" class=\"wpcf7-form-control wpcf7-text\" aria-invalid=\"false\" value=\"\" type=\"text\" name=\"parain\" \/><\/span>\n\t\t<\/p>\n\t<\/div>\n\t<div class=\"small-12 large-12 columns\">\n\t\t<p><label>Par quel courtier souhaitez-vous \u00eatre contact\u00e9 ?<\/label><span class=\"wpcf7-form-control-wrap\" data-name=\"courtier\"><select class=\"wpcf7-form-control wpcf7-select\" aria-invalid=\"false\" name=\"courtier\"><option value=\"Pas de pr\u00e9f\u00e9rence\">Pas de pr\u00e9f\u00e9rence<\/option><option value=\"Fabrice Marocco - La Valentine\">Fabrice Marocco - La Valentine<\/option><option value=\"Stephane Marocco - La Valentine\">Stephane Marocco - La Valentine<\/option><option value=\"Jennifer Dente - La Valentine\">Jennifer Dente - La Valentine<\/option><option value=\"Vincent Tourre - La Valentine\">Vincent Tourre - La Valentine<\/option><option value=\"R\u00e9mi Blanc - Martigues\">R\u00e9mi Blanc - Martigues<\/option><option value=\"Jeremy Realini - Pays d&#039;Aix\">Jeremy Realini - Pays d&#039;Aix<\/option><option value=\"Ma\u00ebva Bernardi - Pays d&#039;Aix\">Ma\u00ebva Bernardi - Pays d&#039;Aix<\/option><\/select><\/span>\n\t\t<\/p>\n\t<\/div>\n<\/div>\n<p><span class=\"wpcf7-form-control-wrap\" data-name=\"validation-rgpd\"><span class=\"wpcf7-form-control wpcf7-checkbox wpcf7-validates-as-required\"><span class=\"wpcf7-list-item first last\"><label><input type=\"checkbox\" name=\"validation-rgpd[]\" value=\"J&#039;accepte que mon e-mail soit stock\u00e9 pour \u00eatre contact\u00e9.\" \/><span class=\"wpcf7-list-item-label\">J&#039;accepte que mon e-mail soit stock\u00e9 pour \u00eatre contact\u00e9.<\/span><\/label><\/span><\/span><\/span>\n<\/p>\n<div class=\"row\">\n\t<div class=\"small-12 columns\">\n\t\t<p><input type=\"submit\" value=\"\u00catre contact\u00e9 par un courtier 1908\" class=\"wpcf7-form-control has-spinner wpcf7-submit btn\" \/><span class=\"wpcf7-spinner\"><\/span>\n\t\t<\/p>\n\t<\/div>\n<\/div><div class=\"wpcf7-response-output\" aria-hidden=\"true\"><\/div>\n<\/form>\n<\/div>\n[\/vc_column_inner][vc_column_inner width=\u00a0\u00bb1\/6&Prime;][\/vc_column_inner][\/vc_row_inner][vc_row_inner][vc_column_inner animation=\u00a0\u00bbanimation bottom-to-top\u00a0\u00bb offset=\u00a0\u00bbvc_hidden-lg vc_hidden-md\u00a0\u00bb]\n<div class=\"wpcf7 no-js\" id=\"wpcf7-f382-o2\" lang=\"fr-FR\" dir=\"ltr\" data-wpcf7-id=\"382\">\n<div class=\"screen-reader-response\"><p role=\"status\" aria-live=\"polite\" aria-atomic=\"true\"><\/p> <ul><\/ul><\/div>\n<form action=\"\/index.php\/wp-json\/wp\/v2\/pages\/142#wpcf7-f382-o2\" method=\"post\" class=\"wpcf7-form init\" aria-label=\"Formulaire de contact\" novalidate=\"novalidate\" data-status=\"init\">\n<fieldset class=\"hidden-fields-container\"><input type=\"hidden\" name=\"_wpcf7\" value=\"382\" \/><input type=\"hidden\" name=\"_wpcf7_version\" value=\"6.1.5\" \/><input type=\"hidden\" name=\"_wpcf7_locale\" value=\"fr_FR\" \/><input type=\"hidden\" name=\"_wpcf7_unit_tag\" value=\"wpcf7-f382-o2\" \/><input type=\"hidden\" name=\"_wpcf7_container_post\" value=\"0\" \/><input type=\"hidden\" name=\"_wpcf7_posted_data_hash\" value=\"\" \/><input type=\"hidden\" name=\"_wpcf7_recaptcha_response\" value=\"\" \/>\n<\/fieldset>\n<div class=\"row\">\n\t<div class=\"small-12 large-4 columns\">\n\t\t<p><label>Nom et pr\u00e9nom<\/label><span class=\"wpcf7-form-control-wrap your-firstname\"><input type=\"text\" name=\"your-firstname\" value=\"\" size=\"40\" class=\"wpcf7-form-control wpcf7-text wpcf7-validates-as-required full\" aria-required=\"true\" aria-invalid=\"false\" \/><\/span>\n\t\t<\/p>\n\t<\/div>\n\t<div class=\"small-12 large-4 columns\">\n\t\t<p><label>Email<\/label><span class=\"wpcf7-form-control-wrap your-email\"><input type=\"text\" name=\"your-email\" value=\"\" size=\"40\" class=\"wpcf7-form-control wpcf7-text wpcf7-validates-as-required full\" aria-required=\"true\" aria-invalid=\"false\" \/><\/span>\n\t\t<\/p>\n\t<\/div>\n\t<div class=\"small-12 large-4 columns\">\n\t\t<p><label>T\u00e9l\u00e9phone<\/label><span class=\"wpcf7-form-control-wrap your-phone\"><input type=\"text\" name=\"your-phone\" value=\"\" size=\"40\" class=\"wpcf7-form-control wpcf7-text wpcf7-validates-as-required full\" aria-required=\"true\" aria-invalid=\"false\" \/><\/span>\n\t\t<\/p>\n\t<\/div>\n\t<div class=\"small-12 large-6 columns\">\n\t\t<p><label>Comment avez-vous connu 1908 Courtage ?<\/label><span class=\"wpcf7-form-control-wrap\" data-name=\"parrain\"><select class=\"wpcf7-form-control wpcf7-select\" aria-invalid=\"false\" name=\"parrain\"><option value=\"Parrainage\">Parrainage<\/option><option value=\"Agence Immobili\u00e8re\">Agence Immobili\u00e8re<\/option><option value=\"Ancien Client\">Ancien Client<\/option><option value=\"Autre\">Autre<\/option><\/select><\/span>\n\t\t<\/p>\n\t<\/div>\n\t<div class=\"small-12 large-6 columns\">\n\t\t<p><label>Indiquez le nom du parrain \/ contact<\/label><span class=\"wpcf7-form-control-wrap\" data-name=\"parain\"><input size=\"40\" maxlength=\"400\" class=\"wpcf7-form-control wpcf7-text\" aria-invalid=\"false\" value=\"\" type=\"text\" name=\"parain\" \/><\/span>\n\t\t<\/p>\n\t<\/div>\n\t<div class=\"small-12 large-12 columns\">\n\t\t<p><label>Par quel courtier souhaitez-vous \u00eatre contact\u00e9 ?<\/label><span class=\"wpcf7-form-control-wrap\" data-name=\"courtier\"><select class=\"wpcf7-form-control wpcf7-select\" aria-invalid=\"false\" name=\"courtier\"><option value=\"Pas de pr\u00e9f\u00e9rence\">Pas de pr\u00e9f\u00e9rence<\/option><option value=\"Fabrice Marocco - La Valentine\">Fabrice Marocco - La Valentine<\/option><option value=\"Stephane Marocco - La Valentine\">Stephane Marocco - La Valentine<\/option><option value=\"Jennifer Dente - La Valentine\">Jennifer Dente - La Valentine<\/option><option value=\"Vincent Tourre - La Valentine\">Vincent Tourre - La Valentine<\/option><option value=\"R\u00e9mi Blanc - Martigues\">R\u00e9mi Blanc - Martigues<\/option><option value=\"Jeremy Realini - Pays d&#039;Aix\">Jeremy Realini - Pays d&#039;Aix<\/option><option value=\"Ma\u00ebva Bernardi - Pays d&#039;Aix\">Ma\u00ebva Bernardi - Pays d&#039;Aix<\/option><\/select><\/span>\n\t\t<\/p>\n\t<\/div>\n<\/div>\n<p><span class=\"wpcf7-form-control-wrap\" data-name=\"validation-rgpd\"><span class=\"wpcf7-form-control wpcf7-checkbox wpcf7-validates-as-required\"><span class=\"wpcf7-list-item first last\"><label><input type=\"checkbox\" name=\"validation-rgpd[]\" value=\"J&#039;accepte que mon e-mail soit stock\u00e9 pour \u00eatre contact\u00e9.\" \/><span class=\"wpcf7-list-item-label\">J&#039;accepte que mon e-mail soit stock\u00e9 pour \u00eatre contact\u00e9.<\/span><\/label><\/span><\/span><\/span>\n<\/p>\n<div class=\"row\">\n\t<div class=\"small-12 columns\">\n\t\t<p><input type=\"submit\" value=\"\u00catre contact\u00e9 par un courtier 1908\" class=\"wpcf7-form-control has-spinner wpcf7-submit btn\" \/><span class=\"wpcf7-spinner\"><\/span>\n\t\t<\/p>\n\t<\/div>\n<\/div><div class=\"wpcf7-response-output\" aria-hidden=\"true\"><\/div>\n<\/form>\n<\/div>\n[\/vc_column_inner][\/vc_row_inner][\/vc_column][\/vc_row][vc_row css=\u00a0\u00bb.vc_custom_1708007977827{padding-bottom: 10vh !important;}\u00a0\u00bb][vc_column offset=\u00a0\u00bbvc_hidden-lg vc_hidden-md\u00a0\u00bb]\t<div id=\"thb-slidetype-69f1dc40e7b55\" class=\"thb-slidetype text-center\" data-style=\"style1\">\n\t\t\n<h2><span class=\"thb-slidetype-entry\"><span class=\"lines\">Retrouvez-nous aussi en agence<\/span><\/span><\/h2>\n\t\t\t\t<style>\n\t\t\t#thb-slidetype-69f1dc40e7b55 .thb-slidetype-entry {\n\t\t\t\tcolor: #4380ff;\n\t\t\t}\n\t\t<\/style>\n\t\t\t<\/div>\n\n\t[vc_row_inner css=\u00a0\u00bb.vc_custom_1708008034585{padding-top: 15vh !important;}\u00a0\u00bb][vc_column_inner width=\u00a0\u00bb1\/3&Prime;][vc_column_text css=\u00a0\u00bb.vc_custom_1708007783460{border-bottom-width: 2px !important;padding-bottom: 30px !important;border-bottom-color: #4380ff !important;border-bottom-style: solid !important;}\u00a0\u00bb]\n<h5><strong><span style=\"color: #4380ff;\">1908 Marseille Valentine<\/span><\/strong><\/h5>\n<p style=\"font-size: 14px;\"><span style=\"color: #4380ff;\">La Roseraie,<\/span><br \/>\n<span style=\"color: #4380ff;\">20 Trav. de la Buzine BAT A2,<\/span><br \/>\n<span style=\"color: #4380ff;\">13011 Marseille<\/span>[\/vc_column_text][vc_column_text css=\u00a0\u00bb.vc_custom_1708007802865{border-bottom-width: 2px !important;padding-bottom: 30px !important;border-bottom-color: #4380ff !important;border-bottom-style: solid !important;}\u00a0\u00bb]\n<h5><span style=\"color: #4380ff;\"><strong>1908 Martigues<\/strong><\/span><\/h5>\n<p style=\"font-size: 14px;\"><span style=\"color: #4380ff;\">32 esplanade des Belges,<\/span><br \/>\n<span style=\"color: #4380ff;\">centre d&rsquo;affaire Eliseum, <\/span><br \/>\n<span style=\"color: #4380ff;\">13500 Martigues<\/span>[\/vc_column_text][vc_column_text]\n<h5><span style=\"color: #4380ff;\"><strong>1908 Pays\u00a0<\/strong><\/span><span style=\"color: #4380ff;\"><span style=\"caret-color: #4380ff;\">d&rsquo;Aix<\/span><\/span><\/h5>\n<p style=\"font-size: 14px;\"><span style=\"color: #4380ff;\">Lieu-dit le Canet,<br \/>\n<\/span><span style=\"color: #4380ff;\"> Les Carr\u00e9s de l&rsquo;Arc Bat C,<br \/>\n13590 Meyreuil Eliseum,<\/span>[\/vc_column_text][\/vc_column_inner][vc_column_inner width=\u00a0\u00bb2\/3&Prime;][\/vc_column_inner][\/vc_row_inner][\/vc_column][\/vc_row]\n<\/section>","protected":false},"excerpt":{"rendered":"<p>[vc_row css=\u00a0\u00bb.vc_custom_1708705677891{padding-top: 5vh !important;padding-bottom: 10vh !important;}\u00a0\u00bb][vc_column][vc_row_inner css=\u00a0\u00bb.vc_custom_1708709030334{padding-bottom: 10vh !important;}\u00a0\u00bb][vc_column_inner width=\u00a0\u00bb1\/4&Prime;][\/vc_column_inner][vc_column_inner width=\u00a0\u00bb1\/2&Prime;][\/vc_column_inner][vc_column_inner width=\u00a0\u00bb1\/4&Prime;][\/vc_column_inner][\/vc_row_inner][vc_row_inner][vc_column_inner width=\u00a0\u00bb1\/6&Prime; animation=\u00a0\u00bbanimation bottom-to-top\u00a0\u00bb offset=\u00a0\u00bbvc_hidden-sm vc_hidden-xs\u00a0\u00bb][\/vc_column_inner][vc_column_inner width=\u00a0\u00bb2\/3&Prime; animation=\u00a0\u00bbanimation bottom-to-top\u00a0\u00bb offset=\u00a0\u00bbvc_hidden-sm vc_hidden-xs\u00a0\u00bb][\/vc_column_inner][vc_column_inner width=\u00a0\u00bb1\/6&Prime;][\/vc_column_inner][\/vc_row_inner][vc_row_inner][vc_column_inner animation=\u00a0\u00bbanimation bottom-to-top\u00a0\u00bb offset=\u00a0\u00bbvc_hidden-lg vc_hidden-md\u00a0\u00bb][\/vc_column_inner][\/vc_row_inner][\/vc_column][\/vc_row][vc_row css=\u00a0\u00bb.vc_custom_1708007977827{padding-bottom: 10vh !important;}\u00a0\u00bb][vc_column offset=\u00a0\u00bbvc_hidden-lg vc_hidden-md\u00a0\u00bb][vc_row_inner css=\u00a0\u00bb.vc_custom_1708008034585{padding-top: 15vh !important;}\u00a0\u00bb][vc_column_inner width=\u00a0\u00bb1\/3&Prime;][vc_column_text css=\u00a0\u00bb.vc_custom_1708007783460{border-bottom-width: 2px !important;padding-bottom: 30px !important;border-bottom-color: #4380ff !important;border-bottom-style: solid !important;}\u00a0\u00bb] 1908 Marseille Valentine La Roseraie, 20 Trav. de la Buzine&hellip;<\/p>\n","protected":false},"author":1,"featured_media":0,"parent":0,"menu_order":0,"comment_status":"closed","ping_status":"closed","template":"","meta":{"footnotes":""},"class_list":["post-142","page","type-page","status-publish","hentry"],"aioseo_notices":[],"_links":{"self":[{"href":"https:\/\/1908courtage.fr\/index.php\/wp-json\/wp\/v2\/pages\/142","targetHints":{"allow":["GET"]}}],"collection":[{"href":"https:\/\/1908courtage.fr\/index.php\/wp-json\/wp\/v2\/pages"}],"about":[{"href":"https:\/\/1908courtage.fr\/index.php\/wp-json\/wp\/v2\/types\/page"}],"author":[{"embeddable":true,"href":"https:\/\/1908courtage.fr\/index.php\/wp-json\/wp\/v2\/users\/1"}],"replies":[{"embeddable":true,"href":"https:\/\/1908courtage.fr\/index.php\/wp-json\/wp\/v2\/comments?post=142"}],"version-history":[{"count":47,"href":"https:\/\/1908courtage.fr\/index.php\/wp-json\/wp\/v2\/pages\/142\/revisions"}],"predecessor-version":[{"id":1094,"href":"https:\/\/1908courtage.fr\/index.php\/wp-json\/wp\/v2\/pages\/142\/revisions\/1094"}],"wp:attachment":[{"href":"https:\/\/1908courtage.fr\/index.php\/wp-json\/wp\/v2\/media?parent=142"}],"curies":[{"name":"wp","href":"https:\/\/api.w.org\/{rel}","templated":true}]}}